{"id":88860,"date":"2025-05-30T15:27:54","date_gmt":"2025-05-30T13:27:54","guid":{"rendered":"https:\/\/www.exin.com\/?page_id=88860"},"modified":"2023-05-31T11:59:01","modified_gmt":"2023-05-31T09:59:01","slug":"about-exin","status":"publish","type":"page","link":"https:\/\/www.exin.com\/de\/about-exin\/","title":{"rendered":"\u00dcber EXIN"},"content":{"rendered":"","protected":false},"excerpt":{"rendered":"","protected":false},"author":31,"featured_media":87321,"parent":0,"menu_order":0,"comment_status":"closed","ping_status":"closed","template":"templates\/tpl-blocks.php","meta":{"_acf_changed":false,"inline_featured_image":false,"ep_exclude_from_search":false,"footnotes":""},"class_list":["post-88860","page","type-page","status-publish","has-post-thumbnail","hentry"],"acf":[],"yoast_head":"<!-- This site is optimized with the Yoast SEO Premium plugin v24.9 (Yoast SEO v27.0) - https:\/\/yoast.com\/product\/yoast-seo-premium-wordpress\/ -->\n<title>\u00dcber EXIN<\/title>\n<meta name=\"description\" content=\"EXIN besteht aus fast 40 Personen, die furchtlos nach dem N\u00e4chsten suchen. Wir sehen Ver\u00e4nderungen in unserer digitalen Welt.\" \/>\n<meta name=\"robots\" content=\"index, follow, max-snippet:-1, max-image-preview:large, max-video-preview:-1\" \/>\n<link rel=\"canonical\" href=\"https:\/\/www.exin.com\/de\/about-exin\/\" \/>\n<meta property=\"og:locale\" content=\"de_DE\" \/>\n<meta property=\"og:type\" content=\"article\" \/>\n<meta property=\"og:title\" content=\"\u00dcber EXIN\" \/>\n<meta property=\"og:description\" content=\"EXIN besteht aus fast 40 Personen, die furchtlos nach dem N\u00e4chsten suchen. Wir sehen Ver\u00e4nderungen in unserer digitalen Welt.\" \/>\n<meta property=\"og:url\" content=\"https:\/\/www.exin.com\/de\/about-exin\/\" \/>\n<meta property=\"og:site_name\" content=\"EXIN\" \/>\n<meta property=\"og:image\" content=\"https:\/\/www.exin.com\/app\/uploads\/2022\/06\/EXIN-Team-Photo.jpg\" \/>\n\t<meta property=\"og:image:width\" content=\"800\" \/>\n\t<meta property=\"og:image:height\" content=\"600\" \/>\n\t<meta property=\"og:image:type\" content=\"image\/jpeg\" \/>\n<meta name=\"twitter:card\" content=\"summary_large_image\" \/>\n<script type=\"application\/ld+json\" class=\"yoast-schema-graph\">{\"@context\":\"https:\/\/schema.org\",\"@graph\":[{\"@type\":\"WebPage\",\"@id\":\"https:\/\/www.exin.com\/de\/about-exin\/\",\"url\":\"https:\/\/www.exin.com\/de\/about-exin\/\",\"name\":\"\u00dcber EXIN\",\"isPartOf\":{\"@id\":\"https:\/\/www.exin.com\/de\/#website\"},\"primaryImageOfPage\":{\"@id\":\"https:\/\/www.exin.com\/de\/about-exin\/#primaryimage\"},\"image\":{\"@id\":\"https:\/\/www.exin.com\/de\/about-exin\/#primaryimage\"},\"thumbnailUrl\":\"https:\/\/www.exin.com\/app\/uploads\/2022\/06\/EXIN-Team-Photo.jpg\",\"datePublished\":\"2025-05-30T13:27:54+00:00\",\"description\":\"EXIN besteht aus fast 40 Personen, die furchtlos nach dem N\u00e4chsten suchen. Wir sehen Ver\u00e4nderungen in unserer digitalen Welt.\",\"breadcrumb\":{\"@id\":\"https:\/\/www.exin.com\/de\/about-exin\/#breadcrumb\"},\"inLanguage\":\"de-DE\",\"potentialAction\":[{\"@type\":\"ReadAction\",\"target\":[\"https:\/\/www.exin.com\/de\/about-exin\/\"]}]},{\"@type\":\"ImageObject\",\"inLanguage\":\"de-DE\",\"@id\":\"https:\/\/www.exin.com\/de\/about-exin\/#primaryimage\",\"url\":\"https:\/\/www.exin.com\/app\/uploads\/2022\/06\/EXIN-Team-Photo.jpg\",\"contentUrl\":\"https:\/\/www.exin.com\/app\/uploads\/2022\/06\/EXIN-Team-Photo.jpg\",\"width\":800,\"height\":600},{\"@type\":\"BreadcrumbList\",\"@id\":\"https:\/\/www.exin.com\/de\/about-exin\/#breadcrumb\",\"itemListElement\":[{\"@type\":\"ListItem\",\"position\":1,\"name\":\"Home\",\"item\":\"https:\/\/www.exin.com\/de\/\"},{\"@type\":\"ListItem\",\"position\":2,\"name\":\"\u00dcber EXIN\"}]},{\"@type\":\"WebSite\",\"@id\":\"https:\/\/www.exin.com\/de\/#website\",\"url\":\"https:\/\/www.exin.com\/de\/\",\"name\":\"EXIN\",\"description\":\"Certified for what&#039;s next\",\"publisher\":{\"@id\":\"https:\/\/www.exin.com\/de\/#organization\"},\"potentialAction\":[{\"@type\":\"SearchAction\",\"target\":{\"@type\":\"EntryPoint\",\"urlTemplate\":\"https:\/\/www.exin.com\/de\/?s={search_term_string}\"},\"query-input\":{\"@type\":\"PropertyValueSpecification\",\"valueRequired\":true,\"valueName\":\"search_term_string\"}}],\"inLanguage\":\"de-DE\"},{\"@type\":\"Organization\",\"@id\":\"https:\/\/www.exin.com\/de\/#organization\",\"name\":\"EXIN\",\"url\":\"https:\/\/www.exin.com\/de\/\",\"logo\":{\"@type\":\"ImageObject\",\"inLanguage\":\"de-DE\",\"@id\":\"https:\/\/www.exin.com\/de\/#\/schema\/logo\/image\/\",\"url\":\"https:\/\/www.exin.com\/app\/uploads\/2022\/06\/Logo-EXIN-colored.png\",\"contentUrl\":\"https:\/\/www.exin.com\/app\/uploads\/2022\/06\/Logo-EXIN-colored.png\",\"width\":3464,\"height\":1475,\"caption\":\"EXIN\"},\"image\":{\"@id\":\"https:\/\/www.exin.com\/de\/#\/schema\/logo\/image\/\"},\"sameAs\":[\"https:\/\/www.linkedin.com\/school\/exin\/\"]}]}<\/script>\n<!-- \/ Yoast SEO Premium plugin. -->","yoast_head_json":{"title":"\u00dcber EXIN","description":"EXIN besteht aus fast 40 Personen, die furchtlos nach dem N\u00e4chsten suchen. Wir sehen Ver\u00e4nderungen in unserer digitalen Welt.","robots":{"index":"index","follow":"follow","max-snippet":"max-snippet:-1","max-image-preview":"max-image-preview:large","max-video-preview":"max-video-preview:-1"},"canonical":"https:\/\/www.exin.com\/de\/about-exin\/","og_locale":"de_DE","og_type":"article","og_title":"\u00dcber EXIN","og_description":"EXIN besteht aus fast 40 Personen, die furchtlos nach dem N\u00e4chsten suchen. Wir sehen Ver\u00e4nderungen in unserer digitalen Welt.","og_url":"https:\/\/www.exin.com\/de\/about-exin\/","og_site_name":"EXIN","og_image":[{"width":800,"height":600,"url":"https:\/\/www.exin.com\/app\/uploads\/2022\/06\/EXIN-Team-Photo.jpg","type":"image\/jpeg"}],"twitter_card":"summary_large_image","schema":{"@context":"https:\/\/schema.org","@graph":[{"@type":"WebPage","@id":"https:\/\/www.exin.com\/de\/about-exin\/","url":"https:\/\/www.exin.com\/de\/about-exin\/","name":"\u00dcber EXIN","isPartOf":{"@id":"https:\/\/www.exin.com\/de\/#website"},"primaryImageOfPage":{"@id":"https:\/\/www.exin.com\/de\/about-exin\/#primaryimage"},"image":{"@id":"https:\/\/www.exin.com\/de\/about-exin\/#primaryimage"},"thumbnailUrl":"https:\/\/www.exin.com\/app\/uploads\/2022\/06\/EXIN-Team-Photo.jpg","datePublished":"2025-05-30T13:27:54+00:00","description":"EXIN besteht aus fast 40 Personen, die furchtlos nach dem N\u00e4chsten suchen. Wir sehen Ver\u00e4nderungen in unserer digitalen Welt.","breadcrumb":{"@id":"https:\/\/www.exin.com\/de\/about-exin\/#breadcrumb"},"inLanguage":"de-DE","potentialAction":[{"@type":"ReadAction","target":["https:\/\/www.exin.com\/de\/about-exin\/"]}]},{"@type":"ImageObject","inLanguage":"de-DE","@id":"https:\/\/www.exin.com\/de\/about-exin\/#primaryimage","url":"https:\/\/www.exin.com\/app\/uploads\/2022\/06\/EXIN-Team-Photo.jpg","contentUrl":"https:\/\/www.exin.com\/app\/uploads\/2022\/06\/EXIN-Team-Photo.jpg","width":800,"height":600},{"@type":"BreadcrumbList","@id":"https:\/\/www.exin.com\/de\/about-exin\/#breadcrumb","itemListElement":[{"@type":"ListItem","position":1,"name":"Home","item":"https:\/\/www.exin.com\/de\/"},{"@type":"ListItem","position":2,"name":"\u00dcber EXIN"}]},{"@type":"WebSite","@id":"https:\/\/www.exin.com\/de\/#website","url":"https:\/\/www.exin.com\/de\/","name":"EXIN","description":"Certified for what&#039;s next","publisher":{"@id":"https:\/\/www.exin.com\/de\/#organization"},"potentialAction":[{"@type":"SearchAction","target":{"@type":"EntryPoint","urlTemplate":"https:\/\/www.exin.com\/de\/?s={search_term_string}"},"query-input":{"@type":"PropertyValueSpecification","valueRequired":true,"valueName":"search_term_string"}}],"inLanguage":"de-DE"},{"@type":"Organization","@id":"https:\/\/www.exin.com\/de\/#organization","name":"EXIN","url":"https:\/\/www.exin.com\/de\/","logo":{"@type":"ImageObject","inLanguage":"de-DE","@id":"https:\/\/www.exin.com\/de\/#\/schema\/logo\/image\/","url":"https:\/\/www.exin.com\/app\/uploads\/2022\/06\/Logo-EXIN-colored.png","contentUrl":"https:\/\/www.exin.com\/app\/uploads\/2022\/06\/Logo-EXIN-colored.png","width":3464,"height":1475,"caption":"EXIN"},"image":{"@id":"https:\/\/www.exin.com\/de\/#\/schema\/logo\/image\/"},"sameAs":["https:\/\/www.linkedin.com\/school\/exin\/"]}]}},"_links":{"self":[{"href":"https:\/\/www.exin.com\/de\/wp-json\/wp\/v2\/pages\/88860","targetHints":{"allow":["GET"]}}],"collection":[{"href":"https:\/\/www.exin.com\/de\/wp-json\/wp\/v2\/pages"}],"about":[{"href":"https:\/\/www.exin.com\/de\/wp-json\/wp\/v2\/types\/page"}],"author":[{"embeddable":true,"href":"https:\/\/www.exin.com\/de\/wp-json\/wp\/v2\/users\/31"}],"replies":[{"embeddable":true,"href":"https:\/\/www.exin.com\/de\/wp-json\/wp\/v2\/comments?post=88860"}],"version-history":[{"count":7,"href":"https:\/\/www.exin.com\/de\/wp-json\/wp\/v2\/pages\/88860\/revisions"}],"predecessor-version":[{"id":90853,"href":"https:\/\/www.exin.com\/de\/wp-json\/wp\/v2\/pages\/88860\/revisions\/90853"}],"wp:featuredmedia":[{"embeddable":true,"href":"https:\/\/www.exin.com\/de\/wp-json\/wp\/v2\/media\/87321"}],"wp:attachment":[{"href":"https:\/\/www.exin.com\/de\/wp-json\/wp\/v2\/media?parent=88860"}],"curies":[{"name":"wp","href":"https:\/\/api.w.org\/{rel}","templated":true}]}}