{"id":15684,"date":"2022-05-30T15:53:27","date_gmt":"2022-05-30T13:53:27","guid":{"rendered":"https:\/\/www.exin.com\/autenticacao-de-certificado\/"},"modified":"2022-06-28T14:05:58","modified_gmt":"2022-06-28T12:05:58","slug":"autenticacao-de-certificado","status":"publish","type":"page","link":"https:\/\/www.exin.com\/pt-br\/autenticacao-de-certificado\/","title":{"rendered":"Autentica\u00e7\u00e3o de certificado"},"content":{"rendered":"","protected":false},"excerpt":{"rendered":"","protected":false},"author":31,"featured_media":0,"parent":0,"menu_order":0,"comment_status":"closed","ping_status":"closed","template":"templates\/tpl-blocks.php","meta":{"_acf_changed":false,"inline_featured_image":false,"ep_exclude_from_search":false,"footnotes":""},"class_list":["post-15684","page","type-page","status-publish","hentry"],"acf":[],"yoast_head":"<!-- This site is optimized with the Yoast SEO Premium plugin v24.9 (Yoast SEO v27.0) - https:\/\/yoast.com\/product\/yoast-seo-premium-wordpress\/ -->\n<title>Autentica\u00e7\u00e3o de certificado<\/title>\n<meta name=\"description\" content=\"Atrav\u00e9s da ferramenta Certificate Authenticity, podemos confirmar instantaneamente a autenticidade da certifica\u00e7\u00e3o ap\u00f3s inserir seus dados.\" \/>\n<meta name=\"robots\" content=\"index, follow, max-snippet:-1, max-image-preview:large, max-video-preview:-1\" \/>\n<link rel=\"canonical\" href=\"https:\/\/www.exin.com\/pt-br\/autenticacao-de-certificado\/\" \/>\n<meta property=\"og:locale\" content=\"pt_BR\" \/>\n<meta property=\"og:type\" content=\"article\" \/>\n<meta property=\"og:title\" content=\"Autentica\u00e7\u00e3o de certificado\" \/>\n<meta property=\"og:description\" content=\"Atrav\u00e9s da ferramenta Certificate Authenticity, podemos confirmar instantaneamente a autenticidade da certifica\u00e7\u00e3o ap\u00f3s inserir seus dados.\" \/>\n<meta property=\"og:url\" content=\"https:\/\/www.exin.com\/pt-br\/autenticacao-de-certificado\/\" \/>\n<meta property=\"og:site_name\" content=\"EXIN\" \/>\n<meta property=\"article:modified_time\" content=\"2022-06-28T12:05:58+00:00\" \/>\n<meta name=\"twitter:card\" content=\"summary_large_image\" \/>\n<script type=\"application\/ld+json\" class=\"yoast-schema-graph\">{\"@context\":\"https:\/\/schema.org\",\"@graph\":[{\"@type\":\"WebPage\",\"@id\":\"https:\/\/www.exin.com\/pt-br\/autenticacao-de-certificado\/\",\"url\":\"https:\/\/www.exin.com\/pt-br\/autenticacao-de-certificado\/\",\"name\":\"Autentica\u00e7\u00e3o de certificado\",\"isPartOf\":{\"@id\":\"https:\/\/www.exin.com\/pt-br\/#website\"},\"datePublished\":\"2022-05-30T13:53:27+00:00\",\"dateModified\":\"2022-06-28T12:05:58+00:00\",\"description\":\"Atrav\u00e9s da ferramenta Certificate Authenticity, podemos confirmar instantaneamente a autenticidade da certifica\u00e7\u00e3o ap\u00f3s inserir seus dados.\",\"breadcrumb\":{\"@id\":\"https:\/\/www.exin.com\/pt-br\/autenticacao-de-certificado\/#breadcrumb\"},\"inLanguage\":\"pt-BR\",\"potentialAction\":[{\"@type\":\"ReadAction\",\"target\":[\"https:\/\/www.exin.com\/pt-br\/autenticacao-de-certificado\/\"]}]},{\"@type\":\"BreadcrumbList\",\"@id\":\"https:\/\/www.exin.com\/pt-br\/autenticacao-de-certificado\/#breadcrumb\",\"itemListElement\":[{\"@type\":\"ListItem\",\"position\":1,\"name\":\"Home\",\"item\":\"https:\/\/www.exin.com\/pt-br\/\"},{\"@type\":\"ListItem\",\"position\":2,\"name\":\"Autentica\u00e7\u00e3o de certificado\"}]},{\"@type\":\"WebSite\",\"@id\":\"https:\/\/www.exin.com\/pt-br\/#website\",\"url\":\"https:\/\/www.exin.com\/pt-br\/\",\"name\":\"EXIN\",\"description\":\"Certified for what&#039;s next\",\"publisher\":{\"@id\":\"https:\/\/www.exin.com\/pt-br\/#organization\"},\"potentialAction\":[{\"@type\":\"SearchAction\",\"target\":{\"@type\":\"EntryPoint\",\"urlTemplate\":\"https:\/\/www.exin.com\/pt-br\/?s={search_term_string}\"},\"query-input\":{\"@type\":\"PropertyValueSpecification\",\"valueRequired\":true,\"valueName\":\"search_term_string\"}}],\"inLanguage\":\"pt-BR\"},{\"@type\":\"Organization\",\"@id\":\"https:\/\/www.exin.com\/pt-br\/#organization\",\"name\":\"EXIN\",\"url\":\"https:\/\/www.exin.com\/pt-br\/\",\"logo\":{\"@type\":\"ImageObject\",\"inLanguage\":\"pt-BR\",\"@id\":\"https:\/\/www.exin.com\/pt-br\/#\/schema\/logo\/image\/\",\"url\":\"https:\/\/www.exin.com\/app\/uploads\/2022\/06\/Logo-EXIN-colored.png\",\"contentUrl\":\"https:\/\/www.exin.com\/app\/uploads\/2022\/06\/Logo-EXIN-colored.png\",\"width\":3464,\"height\":1475,\"caption\":\"EXIN\"},\"image\":{\"@id\":\"https:\/\/www.exin.com\/pt-br\/#\/schema\/logo\/image\/\"},\"sameAs\":[\"https:\/\/www.linkedin.com\/school\/exin\/\"]}]}<\/script>\n<!-- \/ Yoast SEO Premium plugin. -->","yoast_head_json":{"title":"Autentica\u00e7\u00e3o de certificado","description":"Atrav\u00e9s da ferramenta Certificate Authenticity, podemos confirmar instantaneamente a autenticidade da certifica\u00e7\u00e3o ap\u00f3s inserir seus dados.","robots":{"index":"index","follow":"follow","max-snippet":"max-snippet:-1","max-image-preview":"max-image-preview:large","max-video-preview":"max-video-preview:-1"},"canonical":"https:\/\/www.exin.com\/pt-br\/autenticacao-de-certificado\/","og_locale":"pt_BR","og_type":"article","og_title":"Autentica\u00e7\u00e3o de certificado","og_description":"Atrav\u00e9s da ferramenta Certificate Authenticity, podemos confirmar instantaneamente a autenticidade da certifica\u00e7\u00e3o ap\u00f3s inserir seus dados.","og_url":"https:\/\/www.exin.com\/pt-br\/autenticacao-de-certificado\/","og_site_name":"EXIN","article_modified_time":"2022-06-28T12:05:58+00:00","twitter_card":"summary_large_image","schema":{"@context":"https:\/\/schema.org","@graph":[{"@type":"WebPage","@id":"https:\/\/www.exin.com\/pt-br\/autenticacao-de-certificado\/","url":"https:\/\/www.exin.com\/pt-br\/autenticacao-de-certificado\/","name":"Autentica\u00e7\u00e3o de certificado","isPartOf":{"@id":"https:\/\/www.exin.com\/pt-br\/#website"},"datePublished":"2022-05-30T13:53:27+00:00","dateModified":"2022-06-28T12:05:58+00:00","description":"Atrav\u00e9s da ferramenta Certificate Authenticity, podemos confirmar instantaneamente a autenticidade da certifica\u00e7\u00e3o ap\u00f3s inserir seus dados.","breadcrumb":{"@id":"https:\/\/www.exin.com\/pt-br\/autenticacao-de-certificado\/#breadcrumb"},"inLanguage":"pt-BR","potentialAction":[{"@type":"ReadAction","target":["https:\/\/www.exin.com\/pt-br\/autenticacao-de-certificado\/"]}]},{"@type":"BreadcrumbList","@id":"https:\/\/www.exin.com\/pt-br\/autenticacao-de-certificado\/#breadcrumb","itemListElement":[{"@type":"ListItem","position":1,"name":"Home","item":"https:\/\/www.exin.com\/pt-br\/"},{"@type":"ListItem","position":2,"name":"Autentica\u00e7\u00e3o de certificado"}]},{"@type":"WebSite","@id":"https:\/\/www.exin.com\/pt-br\/#website","url":"https:\/\/www.exin.com\/pt-br\/","name":"EXIN","description":"Certified for what&#039;s next","publisher":{"@id":"https:\/\/www.exin.com\/pt-br\/#organization"},"potentialAction":[{"@type":"SearchAction","target":{"@type":"EntryPoint","urlTemplate":"https:\/\/www.exin.com\/pt-br\/?s={search_term_string}"},"query-input":{"@type":"PropertyValueSpecification","valueRequired":true,"valueName":"search_term_string"}}],"inLanguage":"pt-BR"},{"@type":"Organization","@id":"https:\/\/www.exin.com\/pt-br\/#organization","name":"EXIN","url":"https:\/\/www.exin.com\/pt-br\/","logo":{"@type":"ImageObject","inLanguage":"pt-BR","@id":"https:\/\/www.exin.com\/pt-br\/#\/schema\/logo\/image\/","url":"https:\/\/www.exin.com\/app\/uploads\/2022\/06\/Logo-EXIN-colored.png","contentUrl":"https:\/\/www.exin.com\/app\/uploads\/2022\/06\/Logo-EXIN-colored.png","width":3464,"height":1475,"caption":"EXIN"},"image":{"@id":"https:\/\/www.exin.com\/pt-br\/#\/schema\/logo\/image\/"},"sameAs":["https:\/\/www.linkedin.com\/school\/exin\/"]}]}},"_links":{"self":[{"href":"https:\/\/www.exin.com\/pt-br\/wp-json\/wp\/v2\/pages\/15684","targetHints":{"allow":["GET"]}}],"collection":[{"href":"https:\/\/www.exin.com\/pt-br\/wp-json\/wp\/v2\/pages"}],"about":[{"href":"https:\/\/www.exin.com\/pt-br\/wp-json\/wp\/v2\/types\/page"}],"author":[{"embeddable":true,"href":"https:\/\/www.exin.com\/pt-br\/wp-json\/wp\/v2\/users\/31"}],"replies":[{"embeddable":true,"href":"https:\/\/www.exin.com\/pt-br\/wp-json\/wp\/v2\/comments?post=15684"}],"version-history":[{"count":3,"href":"https:\/\/www.exin.com\/pt-br\/wp-json\/wp\/v2\/pages\/15684\/revisions"}],"predecessor-version":[{"id":84101,"href":"https:\/\/www.exin.com\/pt-br\/wp-json\/wp\/v2\/pages\/15684\/revisions\/84101"}],"wp:attachment":[{"href":"https:\/\/www.exin.com\/pt-br\/wp-json\/wp\/v2\/media?parent=15684"}],"curies":[{"name":"wp","href":"https:\/\/api.w.org\/{rel}","templated":true}]}}