{"id":15887,"date":"2022-06-01T16:10:26","date_gmt":"2022-06-01T14:10:26","guid":{"rendered":"https:\/\/www.exin.com\/o-que-os-outros-dizem-sobre-exin\/"},"modified":"2022-06-29T13:30:25","modified_gmt":"2022-06-29T11:30:25","slug":"o-que-os-outros-dizem-sobre-exin","status":"publish","type":"page","link":"https:\/\/www.exin.com\/pt-br\/o-que-os-outros-dizem-sobre-exin\/","title":{"rendered":"O que dizem os outros sobre o EXIN?"},"content":{"rendered":"","protected":false},"excerpt":{"rendered":"","protected":false},"author":31,"featured_media":0,"parent":0,"menu_order":0,"comment_status":"closed","ping_status":"closed","template":"templates\/tpl-blocks.php","meta":{"_acf_changed":false,"inline_featured_image":false,"ep_exclude_from_search":false,"footnotes":""},"class_list":["post-15887","page","type-page","status-publish","hentry"],"acf":[],"yoast_head":"<!-- This site is optimized with the Yoast SEO Premium plugin v24.9 (Yoast SEO v27.0) - https:\/\/yoast.com\/product\/yoast-seo-premium-wordpress\/ -->\n<title>O que dizem os outros sobre o EXIN?<\/title>\n<meta name=\"description\" content=\"Ao longo dos nossos 37 anos de hist\u00f3ria, o EXIN certificou milh\u00f5es de profissionais em todo o mundo: leia as suas hist\u00f3rias aqui!\" \/>\n<meta name=\"robots\" content=\"index, follow, max-snippet:-1, max-image-preview:large, max-video-preview:-1\" \/>\n<link rel=\"canonical\" href=\"https:\/\/www.exin.com\/pt-br\/o-que-os-outros-dizem-sobre-exin\/\" \/>\n<meta property=\"og:locale\" content=\"pt_BR\" \/>\n<meta property=\"og:type\" content=\"article\" \/>\n<meta property=\"og:title\" content=\"O que dizem os outros sobre o EXIN?\" \/>\n<meta property=\"og:description\" content=\"Ao longo dos nossos 37 anos de hist\u00f3ria, o EXIN certificou milh\u00f5es de profissionais em todo o mundo: leia as suas hist\u00f3rias aqui!\" \/>\n<meta property=\"og:url\" content=\"https:\/\/www.exin.com\/pt-br\/o-que-os-outros-dizem-sobre-exin\/\" \/>\n<meta property=\"og:site_name\" content=\"EXIN\" \/>\n<meta property=\"article:modified_time\" content=\"2022-06-29T11:30:25+00:00\" \/>\n<meta name=\"twitter:card\" content=\"summary_large_image\" \/>\n<script type=\"application\/ld+json\" class=\"yoast-schema-graph\">{\"@context\":\"https:\/\/schema.org\",\"@graph\":[{\"@type\":\"WebPage\",\"@id\":\"https:\/\/www.exin.com\/pt-br\/o-que-os-outros-dizem-sobre-exin\/\",\"url\":\"https:\/\/www.exin.com\/pt-br\/o-que-os-outros-dizem-sobre-exin\/\",\"name\":\"O que dizem os outros sobre o EXIN?\",\"isPartOf\":{\"@id\":\"https:\/\/www.exin.com\/pt-br\/#website\"},\"datePublished\":\"2022-06-01T14:10:26+00:00\",\"dateModified\":\"2022-06-29T11:30:25+00:00\",\"description\":\"Ao longo dos nossos 37 anos de hist\u00f3ria, o EXIN certificou milh\u00f5es de profissionais em todo o mundo: leia as suas hist\u00f3rias aqui!\",\"breadcrumb\":{\"@id\":\"https:\/\/www.exin.com\/pt-br\/o-que-os-outros-dizem-sobre-exin\/#breadcrumb\"},\"inLanguage\":\"pt-BR\",\"potentialAction\":[{\"@type\":\"ReadAction\",\"target\":[\"https:\/\/www.exin.com\/pt-br\/o-que-os-outros-dizem-sobre-exin\/\"]}]},{\"@type\":\"BreadcrumbList\",\"@id\":\"https:\/\/www.exin.com\/pt-br\/o-que-os-outros-dizem-sobre-exin\/#breadcrumb\",\"itemListElement\":[{\"@type\":\"ListItem\",\"position\":1,\"name\":\"Home\",\"item\":\"https:\/\/www.exin.com\/pt-br\/\"},{\"@type\":\"ListItem\",\"position\":2,\"name\":\"O que dizem os outros sobre o EXIN?\"}]},{\"@type\":\"WebSite\",\"@id\":\"https:\/\/www.exin.com\/pt-br\/#website\",\"url\":\"https:\/\/www.exin.com\/pt-br\/\",\"name\":\"EXIN\",\"description\":\"Certified for what&#039;s next\",\"publisher\":{\"@id\":\"https:\/\/www.exin.com\/pt-br\/#organization\"},\"potentialAction\":[{\"@type\":\"SearchAction\",\"target\":{\"@type\":\"EntryPoint\",\"urlTemplate\":\"https:\/\/www.exin.com\/pt-br\/?s={search_term_string}\"},\"query-input\":{\"@type\":\"PropertyValueSpecification\",\"valueRequired\":true,\"valueName\":\"search_term_string\"}}],\"inLanguage\":\"pt-BR\"},{\"@type\":\"Organization\",\"@id\":\"https:\/\/www.exin.com\/pt-br\/#organization\",\"name\":\"EXIN\",\"url\":\"https:\/\/www.exin.com\/pt-br\/\",\"logo\":{\"@type\":\"ImageObject\",\"inLanguage\":\"pt-BR\",\"@id\":\"https:\/\/www.exin.com\/pt-br\/#\/schema\/logo\/image\/\",\"url\":\"https:\/\/www.exin.com\/app\/uploads\/2022\/06\/Logo-EXIN-colored.png\",\"contentUrl\":\"https:\/\/www.exin.com\/app\/uploads\/2022\/06\/Logo-EXIN-colored.png\",\"width\":3464,\"height\":1475,\"caption\":\"EXIN\"},\"image\":{\"@id\":\"https:\/\/www.exin.com\/pt-br\/#\/schema\/logo\/image\/\"},\"sameAs\":[\"https:\/\/www.linkedin.com\/school\/exin\/\"]}]}<\/script>\n<!-- \/ Yoast SEO Premium plugin. -->","yoast_head_json":{"title":"O que dizem os outros sobre o EXIN?","description":"Ao longo dos nossos 37 anos de hist\u00f3ria, o EXIN certificou milh\u00f5es de profissionais em todo o mundo: leia as suas hist\u00f3rias aqui!","robots":{"index":"index","follow":"follow","max-snippet":"max-snippet:-1","max-image-preview":"max-image-preview:large","max-video-preview":"max-video-preview:-1"},"canonical":"https:\/\/www.exin.com\/pt-br\/o-que-os-outros-dizem-sobre-exin\/","og_locale":"pt_BR","og_type":"article","og_title":"O que dizem os outros sobre o EXIN?","og_description":"Ao longo dos nossos 37 anos de hist\u00f3ria, o EXIN certificou milh\u00f5es de profissionais em todo o mundo: leia as suas hist\u00f3rias aqui!","og_url":"https:\/\/www.exin.com\/pt-br\/o-que-os-outros-dizem-sobre-exin\/","og_site_name":"EXIN","article_modified_time":"2022-06-29T11:30:25+00:00","twitter_card":"summary_large_image","schema":{"@context":"https:\/\/schema.org","@graph":[{"@type":"WebPage","@id":"https:\/\/www.exin.com\/pt-br\/o-que-os-outros-dizem-sobre-exin\/","url":"https:\/\/www.exin.com\/pt-br\/o-que-os-outros-dizem-sobre-exin\/","name":"O que dizem os outros sobre o EXIN?","isPartOf":{"@id":"https:\/\/www.exin.com\/pt-br\/#website"},"datePublished":"2022-06-01T14:10:26+00:00","dateModified":"2022-06-29T11:30:25+00:00","description":"Ao longo dos nossos 37 anos de hist\u00f3ria, o EXIN certificou milh\u00f5es de profissionais em todo o mundo: leia as suas hist\u00f3rias aqui!","breadcrumb":{"@id":"https:\/\/www.exin.com\/pt-br\/o-que-os-outros-dizem-sobre-exin\/#breadcrumb"},"inLanguage":"pt-BR","potentialAction":[{"@type":"ReadAction","target":["https:\/\/www.exin.com\/pt-br\/o-que-os-outros-dizem-sobre-exin\/"]}]},{"@type":"BreadcrumbList","@id":"https:\/\/www.exin.com\/pt-br\/o-que-os-outros-dizem-sobre-exin\/#breadcrumb","itemListElement":[{"@type":"ListItem","position":1,"name":"Home","item":"https:\/\/www.exin.com\/pt-br\/"},{"@type":"ListItem","position":2,"name":"O que dizem os outros sobre o EXIN?"}]},{"@type":"WebSite","@id":"https:\/\/www.exin.com\/pt-br\/#website","url":"https:\/\/www.exin.com\/pt-br\/","name":"EXIN","description":"Certified for what&#039;s next","publisher":{"@id":"https:\/\/www.exin.com\/pt-br\/#organization"},"potentialAction":[{"@type":"SearchAction","target":{"@type":"EntryPoint","urlTemplate":"https:\/\/www.exin.com\/pt-br\/?s={search_term_string}"},"query-input":{"@type":"PropertyValueSpecification","valueRequired":true,"valueName":"search_term_string"}}],"inLanguage":"pt-BR"},{"@type":"Organization","@id":"https:\/\/www.exin.com\/pt-br\/#organization","name":"EXIN","url":"https:\/\/www.exin.com\/pt-br\/","logo":{"@type":"ImageObject","inLanguage":"pt-BR","@id":"https:\/\/www.exin.com\/pt-br\/#\/schema\/logo\/image\/","url":"https:\/\/www.exin.com\/app\/uploads\/2022\/06\/Logo-EXIN-colored.png","contentUrl":"https:\/\/www.exin.com\/app\/uploads\/2022\/06\/Logo-EXIN-colored.png","width":3464,"height":1475,"caption":"EXIN"},"image":{"@id":"https:\/\/www.exin.com\/pt-br\/#\/schema\/logo\/image\/"},"sameAs":["https:\/\/www.linkedin.com\/school\/exin\/"]}]}},"_links":{"self":[{"href":"https:\/\/www.exin.com\/pt-br\/wp-json\/wp\/v2\/pages\/15887","targetHints":{"allow":["GET"]}}],"collection":[{"href":"https:\/\/www.exin.com\/pt-br\/wp-json\/wp\/v2\/pages"}],"about":[{"href":"https:\/\/www.exin.com\/pt-br\/wp-json\/wp\/v2\/types\/page"}],"author":[{"embeddable":true,"href":"https:\/\/www.exin.com\/pt-br\/wp-json\/wp\/v2\/users\/31"}],"replies":[{"embeddable":true,"href":"https:\/\/www.exin.com\/pt-br\/wp-json\/wp\/v2\/comments?post=15887"}],"version-history":[{"count":2,"href":"https:\/\/www.exin.com\/pt-br\/wp-json\/wp\/v2\/pages\/15887\/revisions"}],"predecessor-version":[{"id":84139,"href":"https:\/\/www.exin.com\/pt-br\/wp-json\/wp\/v2\/pages\/15887\/revisions\/84139"}],"wp:attachment":[{"href":"https:\/\/www.exin.com\/pt-br\/wp-json\/wp\/v2\/media?parent=15887"}],"curies":[{"name":"wp","href":"https:\/\/api.w.org\/{rel}","templated":true}]}}